{"id":7,"date":"2021-11-17T13:04:55","date_gmt":"2021-11-17T13:04:55","guid":{"rendered":"http:\/\/taxi.taxiestella.es\/?page_id=7"},"modified":"2022-11-29T11:33:26","modified_gmt":"2022-11-29T11:33:26","slug":"contacto-2","status":"publish","type":"page","link":"http:\/\/taxi.taxiestella.es\/?page_id=7","title":{"rendered":"Contacto"},"content":{"rendered":"\n<p>Para pedir taxi de inmediato:&nbsp;636 699 872 \u00f3 636.765.939 Tambi\u00e9n WhatsApp<img loading=\"lazy\" decoding=\"async\" width=\"53\" height=\"45\" class=\"wp-image-14\" style=\"width: 53px;\" src=\"http:\/\/taxi.taxiestella.es\/wp-content\/uploads\/2021\/11\/logo-whatsApp.png\" alt=\"\"><\/p>\n\n\n\n<p>&nbsp;<br>Para la realizaci\u00f3n de servicios as\u00ed como la confecci\u00f3n de presupuestos o mas informaci\u00f3n no duden en ponerse en contacto con nosotros a trav\u00e9s de nuestro tel\u00e9fono m\u00f3vil&nbsp;636.699.872&nbsp;o si lo prefiere tambi\u00e9n por correo electr\u00f3nico a:<a href=\"mailto:info@taxiestella.com\">maribel@taxiestella.com<\/a>&nbsp;o&nbsp;<a href=\"mailto:luis@taxiestella.com\">luis@taxiestella.com<\/a><\/p>\n\n\n<div class=\"wp-block-image\">\n<figure class=\"aligncenter size-full is-resized\"><a href=\"https:\/\/www.google.es\/maps\/place\/Parada+De+Taxis\/@42.6702421,-2.0328278,17z\/data=!3m1!4b1!4m5!3m4!1s0xd5071c9f23e7f4d:0x8a455c78544ec92!8m2!3d42.6702421!4d-2.0306338?hl=es\" target=\"_blank\" rel=\"noopener\"><img loading=\"lazy\" decoding=\"async\" src=\"http:\/\/taxi.taxiestella.es\/wp-content\/uploads\/2022\/01\/Maps.jpg\" alt=\"\" class=\"wp-image-90\" width=\"73\" height=\"57\"\/><\/a><figcaption class=\"wp-element-caption\">Situaci\u00f3n de la parada<\/figcaption><\/figure>\n<\/div>\n\n\n<p><\/p>\n","protected":false},"excerpt":{"rendered":"<p>Para pedir taxi de inmediato:&nbsp;636 699 872 \u00f3 636.765.939 Tambi\u00e9n WhatsApp &nbsp;Para la realizaci\u00f3n de servicios as\u00ed como la confecci\u00f3n de presupuestos o mas informaci\u00f3n no duden en ponerse en contacto con nosotros a trav\u00e9s de nuestro tel\u00e9fono m\u00f3vil&nbsp;636.699.872&nbsp;o si lo prefiere tambi\u00e9n por correo electr\u00f3nico a:maribel@taxiestella.com&nbsp;o&nbsp;luis@taxiestella.com<\/p>\n","protected":false},"author":1,"featured_media":0,"parent":6,"menu_order":1,"comment_status":"closed","ping_status":"closed","template":"","meta":{"footnotes":""},"class_list":["post-7","page","type-page","status-publish","hentry"],"_links":{"self":[{"href":"http:\/\/taxi.taxiestella.es\/index.php?rest_route=\/wp\/v2\/pages\/7","targetHints":{"allow":["GET"]}}],"collection":[{"href":"http:\/\/taxi.taxiestella.es\/index.php?rest_route=\/wp\/v2\/pages"}],"about":[{"href":"http:\/\/taxi.taxiestella.es\/index.php?rest_route=\/wp\/v2\/types\/page"}],"author":[{"embeddable":true,"href":"http:\/\/taxi.taxiestella.es\/index.php?rest_route=\/wp\/v2\/users\/1"}],"replies":[{"embeddable":true,"href":"http:\/\/taxi.taxiestella.es\/index.php?rest_route=%2Fwp%2Fv2%2Fcomments&post=7"}],"version-history":[{"count":10,"href":"http:\/\/taxi.taxiestella.es\/index.php?rest_route=\/wp\/v2\/pages\/7\/revisions"}],"predecessor-version":[{"id":147,"href":"http:\/\/taxi.taxiestella.es\/index.php?rest_route=\/wp\/v2\/pages\/7\/revisions\/147"}],"up":[{"embeddable":true,"href":"http:\/\/taxi.taxiestella.es\/index.php?rest_route=\/wp\/v2\/pages\/6"}],"wp:attachment":[{"href":"http:\/\/taxi.taxiestella.es\/index.php?rest_route=%2Fwp%2Fv2%2Fmedia&parent=7"}],"curies":[{"name":"wp","href":"https:\/\/api.w.org\/{rel}","templated":true}]}}