{"id":6,"date":"2021-11-17T13:04:55","date_gmt":"2021-11-17T13:04:55","guid":{"rendered":"http:\/\/taxi.taxiestella.es\/?page_id=6"},"modified":"2022-01-31T11:24:50","modified_gmt":"2022-01-31T11:24:50","slug":"inicio","status":"publish","type":"page","link":"http:\/\/taxi.taxiestella.es\/","title":{"rendered":"Inicio"},"content":{"rendered":"\n<p class=\"has-drop-cap\">Somos una empresa familiar formada por Luis y Maribel ubicada en Estella \/ Lizarra (Navarra) dedicada al transporte de viajeros a su servicio desde 2001.<br>Con nuestro esfuerzo y dedicaci\u00f3n le ofrecemos soluciones a sus desplazamientos.<br>Trabajamos d\u00eda a d\u00eda para dar un servicio inmejorable a nuestros clientes.<\/p>\n\n\n\n<pre class=\"wp-block-preformatted\"><\/pre>\n\n\n\n<p>Disponemos de veh\u00edculos de hasta 8 plazas m\u00e1s conductor con espacio para equipajes<\/p>\n","protected":false},"excerpt":{"rendered":"<p>Somos una empresa familiar formada por Luis y Maribel ubicada en Estella \/ Lizarra (Navarra) dedicada al transporte de viajeros a su servicio desde 2001.Con nuestro esfuerzo y dedicaci\u00f3n le ofrecemos soluciones a sus desplazamientos.Trabajamos d\u00eda a d\u00eda para dar un servicio inmejorable a nuestros clientes. Disponemos de veh\u00edculos de hasta 8 plazas m\u00e1s conductor [&hellip;]<\/p>\n","protected":false},"author":1,"featured_media":0,"parent":0,"menu_order":0,"comment_status":"closed","ping_status":"closed","template":"","meta":{"footnotes":""},"class_list":["post-6","page","type-page","status-publish","hentry"],"_links":{"self":[{"href":"http:\/\/taxi.taxiestella.es\/index.php?rest_route=\/wp\/v2\/pages\/6","targetHints":{"allow":["GET"]}}],"collection":[{"href":"http:\/\/taxi.taxiestella.es\/index.php?rest_route=\/wp\/v2\/pages"}],"about":[{"href":"http:\/\/taxi.taxiestella.es\/index.php?rest_route=\/wp\/v2\/types\/page"}],"author":[{"embeddable":true,"href":"http:\/\/taxi.taxiestella.es\/index.php?rest_route=\/wp\/v2\/users\/1"}],"replies":[{"embeddable":true,"href":"http:\/\/taxi.taxiestella.es\/index.php?rest_route=%2Fwp%2Fv2%2Fcomments&post=6"}],"version-history":[{"count":5,"href":"http:\/\/taxi.taxiestella.es\/index.php?rest_route=\/wp\/v2\/pages\/6\/revisions"}],"predecessor-version":[{"id":84,"href":"http:\/\/taxi.taxiestella.es\/index.php?rest_route=\/wp\/v2\/pages\/6\/revisions\/84"}],"wp:attachment":[{"href":"http:\/\/taxi.taxiestella.es\/index.php?rest_route=%2Fwp%2Fv2%2Fmedia&parent=6"}],"curies":[{"name":"wp","href":"https:\/\/api.w.org\/{rel}","templated":true}]}}